{"id":1274,"date":"2020-09-23T17:27:40","date_gmt":"2020-09-23T17:27:40","guid":{"rendered":"https:\/\/silvamethod.com\/stores\/?post_type=product&amp;p=1274"},"modified":"2025-07-31T07:08:08","modified_gmt":"2025-07-31T13:08:08","slug":"saber-crecer-resiliencia-y-espiritualidad","status":"publish","type":"product","link":"https:\/\/silvamethod.com\/stores\/product\/saber-crecer-resiliencia-y-espiritualidad\/","title":{"rendered":"Saber Crecer Resiliencia y espiritualidad"},"content":{"rendered":"","protected":false},"excerpt":{"rendered":"<h4>by\u00a0<span class=\"author notFaded\" data-width=\"\"><a class=\"a-link-normal\" href=\"https:\/\/www.amazon.com\/s\/ref=dp_byline_sr_book_1?ie=UTF8&amp;field-author=Rosa+Argentina+Rivas+Lacayo&amp;text=Rosa+Argentina+Rivas+Lacayo&amp;sort=relevancerank&amp;search-alias=books\">Rosa Argentina Rivas Lacayo<\/a><\/span><\/h4>\n<p>Admiramos a quienes son capaces de superar las circunstancias m\u00e1s adversas, a quienes convierten un suceso especialmente dram\u00e1tico en una oportunidad para crecer.<\/p>\n<p>&#8220;Resiliencia&#8221;, t\u00e9rmino utilizado originalmente por la f\u00edsica para identificar la cualidad de algunos materiales para resistir y recuperarse ante el embate de una fuerza externa, es un t\u00e9rmino que actualmente se utiliza tanto en psiquiatr\u00eda como en la psicolog\u00eda positiva para describir la capacidad de una persona de sobreponerse a la adversidad y crecer gracias a ella.<\/p>\n<p>Saber crecer nos explica de manera sencilla todas aquellas caracter\u00edsticas psico-emocionales y espirituales que nos dan fortaleza y nos permiten sobreponernos a las crisis y crecer a trav\u00e9s de ellas.<\/p>\n<p>As\u00ed pues, ante todo este libro te ayudar\u00e1 a reconocer y utilizar tu capacidad de ser resiliente y tus valores espirituales para reconstruir tu vida aun ante las tormentas m\u00e1s destructivas.<\/p>\n","protected":false},"featured_media":3985,"comment_status":"open","ping_status":"closed","template":"","meta":[],"product_brand":[],"product_cat":[77,79],"product_tag":[],"class_list":{"0":"post-1274","1":"product","2":"type-product","3":"status-publish","4":"has-post-thumbnail","6":"product_cat-books","7":"product_cat-silva-master-classes","9":"first","10":"instock","11":"shipping-taxable","12":"purchasable","13":"product-type-simple"},"_links":{"self":[{"href":"https:\/\/silvamethod.com\/stores\/wp-json\/wp\/v2\/product\/1274","targetHints":{"allow":["GET"]}}],"collection":[{"href":"https:\/\/silvamethod.com\/stores\/wp-json\/wp\/v2\/product"}],"about":[{"href":"https:\/\/silvamethod.com\/stores\/wp-json\/wp\/v2\/types\/product"}],"replies":[{"embeddable":true,"href":"https:\/\/silvamethod.com\/stores\/wp-json\/wp\/v2\/comments?post=1274"}],"wp:featuredmedia":[{"embeddable":true,"href":"https:\/\/silvamethod.com\/stores\/wp-json\/wp\/v2\/media\/3985"}],"wp:attachment":[{"href":"https:\/\/silvamethod.com\/stores\/wp-json\/wp\/v2\/media?parent=1274"}],"wp:term":[{"taxonomy":"product_brand","embeddable":true,"href":"https:\/\/silvamethod.com\/stores\/wp-json\/wp\/v2\/product_brand?post=1274"},{"taxonomy":"product_cat","embeddable":true,"href":"https:\/\/silvamethod.com\/stores\/wp-json\/wp\/v2\/product_cat?post=1274"},{"taxonomy":"product_tag","embeddable":true,"href":"https:\/\/silvamethod.com\/stores\/wp-json\/wp\/v2\/product_tag?post=1274"}],"curies":[{"name":"wp","href":"https:\/\/api.w.org\/{rel}","templated":true}]}}